{"id":3256,"date":"2022-08-10T07:34:28","date_gmt":"2022-08-10T07:34:28","guid":{"rendered":"https:\/\/www.openspaces-expo.be\/programme\/"},"modified":"2023-11-08T10:05:24","modified_gmt":"2023-11-08T10:05:24","slug":"programme","status":"publish","type":"page","link":"https:\/\/www.openspaces-expo.be\/fr\/programme\/","title":{"rendered":"Programme"},"content":{"rendered":"\t\t<div data-elementor-type=\"wp-page\" data-elementor-id=\"3256\" class=\"elementor elementor-3256 elementor-556\" data-elementor-post-type=\"page\">\n\t\t\t\t\t\t<section class=\"elementor-section elementor-top-section elementor-element elementor-element-d7bafb7 elementor-section-height-min-height elementor-section-boxed elementor-section-height-default elementor-section-items-middle\" data-id=\"d7bafb7\" data-element_type=\"section\" data-settings=\"{&quot;background_background&quot;:&quot;classic&quot;}\">\n\t\t\t\t\t\t<div class=\"elementor-container elementor-column-gap-default\">\n\t\t\t\t\t<div class=\"elementor-column elementor-col-50 elementor-top-column elementor-element elementor-element-a7cec2b\" data-id=\"a7cec2b\" data-element_type=\"column\">\n\t\t\t<div class=\"elementor-widget-wrap elementor-element-populated\">\n\t\t\t\t\t\t<div class=\"elementor-element elementor-element-0a771e5 elementor-widget elementor-widget-text-editor\" data-id=\"0a771e5\" data-element_type=\"widget\" data-widget_type=\"text-editor.default\">\n\t\t\t\t<div class=\"elementor-widget-container\">\n\t\t\t\t\t\t\t\t\t<h1>Programme<\/h1>\n<p>&nbsp;<\/p>\n\t\t\t\t\t\t\t\t<\/div>\n\t\t\t\t<\/div>\n\t\t\t\t<div class=\"elementor-element elementor-element-ca26a2a elementor-hidden-desktop elementor-hidden-tablet elementor-hidden-mobile elementor-widget elementor-widget-text-editor\" data-id=\"ca26a2a\" data-element_type=\"widget\" data-widget_type=\"text-editor.default\">\n\t\t\t\t<div class=\"elementor-widget-container\">\n\t\t\t\t\t\t\t\t\t<h2>titel titel<\/h2>\n<p>lorum ipsumlorum ipsum lorum ipsum. lorum ipsumlorum ipsumlorum ipsum.<\/p>\n\t\t\t\t\t\t\t\t<\/div>\n\t\t\t\t<\/div>\n\t\t\t\t\t<\/div>\n\t\t<\/div>\n\t\t\t\t<div class=\"elementor-column elementor-col-50 elementor-top-column elementor-element elementor-element-aa85562\" data-id=\"aa85562\" data-element_type=\"column\">\n\t\t\t<div class=\"elementor-widget-wrap elementor-element-populated\">\n\t\t\t\t\t\t<div class=\"elementor-element elementor-element-329acf9 elementor-align-center elementor-invisible elementor-widget elementor-widget-button\" data-id=\"329acf9\" data-element_type=\"widget\" data-settings=\"{&quot;_animation&quot;:&quot;slideInRight&quot;}\" data-widget_type=\"button.default\">\n\t\t\t\t<div class=\"elementor-widget-container\">\n\t\t\t\t\t\t\t\t\t<div class=\"elementor-button-wrapper\">\n\t\t\t\t\t<a class=\"elementor-button elementor-button-link elementor-size-sm\" href=\"https:\/\/www.openspaces-expo.be\/wp-admin\/post.php?post=167&#038;action=elementor\">\n\t\t\t\t\t\t<span class=\"elementor-button-content-wrapper\">\n\t\t\t\t\t\t\t\t\t<span class=\"elementor-button-text\">Profil des visiteurs<\/span>\n\t\t\t\t\t<\/span>\n\t\t\t\t\t<\/a>\n\t\t\t\t<\/div>\n\t\t\t\t\t\t\t\t<\/div>\n\t\t\t\t<\/div>\n\t\t\t\t<div class=\"elementor-element elementor-element-9a1a7e3 elementor-align-right elementor-invisible elementor-widget elementor-widget-button\" data-id=\"9a1a7e3\" data-element_type=\"widget\" data-settings=\"{&quot;_animation&quot;:&quot;fadeInLeft&quot;}\" data-widget_type=\"button.default\">\n\t\t\t\t<div class=\"elementor-widget-container\">\n\t\t\t\t\t\t\t\t\t<div class=\"elementor-button-wrapper\">\n\t\t\t\t\t<a class=\"elementor-button elementor-button-link elementor-size-sm\" href=\"https:\/\/www.openspaces-expo.be\/wp-admin\/post.php?post=318&#038;action=elementor\">\n\t\t\t\t\t\t<span class=\"elementor-button-content-wrapper\">\n\t\t\t\t\t\t\t\t\t<span class=\"elementor-button-text\">Profil des exposants<\/span>\n\t\t\t\t\t<\/span>\n\t\t\t\t\t<\/a>\n\t\t\t\t<\/div>\n\t\t\t\t\t\t\t\t<\/div>\n\t\t\t\t<\/div>\n\t\t\t\t<div class=\"elementor-element elementor-element-bb3003f elementor-align-center elementor-invisible elementor-widget elementor-widget-button\" data-id=\"bb3003f\" data-element_type=\"widget\" data-settings=\"{&quot;_animation&quot;:&quot;fadeInRight&quot;}\" data-widget_type=\"button.default\">\n\t\t\t\t<div class=\"elementor-widget-container\">\n\t\t\t\t\t\t\t\t\t<div class=\"elementor-button-wrapper\">\n\t\t\t\t\t<a class=\"elementor-button elementor-button-link elementor-size-sm\" href=\"https:\/\/www.openspaces-expo.be\/wp-admin\/post.php?post=143&#038;action=elementor\">\n\t\t\t\t\t\t<span class=\"elementor-button-content-wrapper\">\n\t\t\t\t\t\t\t\t\t<span class=\"elementor-button-text\">Contact<\/span>\n\t\t\t\t\t<\/span>\n\t\t\t\t\t<\/a>\n\t\t\t\t<\/div>\n\t\t\t\t\t\t\t\t<\/div>\n\t\t\t\t<\/div>\n\t\t\t\t\t<\/div>\n\t\t<\/div>\n\t\t\t\t\t<\/div>\n\t\t<\/section>\n\t\t\t\t<section class=\"elementor-section elementor-top-section elementor-element elementor-element-fb08f2b elementor-section-boxed elementor-section-height-default elementor-section-height-default\" data-id=\"fb08f2b\" data-element_type=\"section\">\n\t\t\t\t\t\t<div class=\"elementor-container elementor-column-gap-default\">\n\t\t\t\t\t<div class=\"elementor-column elementor-col-33 elementor-top-column elementor-element elementor-element-a331a87 elementor-hidden-desktop elementor-hidden-tablet elementor-hidden-mobile\" data-id=\"a331a87\" data-element_type=\"column\">\n\t\t\t<div class=\"elementor-widget-wrap elementor-element-populated\">\n\t\t\t\t\t\t<div class=\"elementor-element elementor-element-29067d8 elementor-position-top elementor-widget elementor-widget-image-box\" data-id=\"29067d8\" data-element_type=\"widget\" data-widget_type=\"image-box.default\">\n\t\t\t\t<div class=\"elementor-widget-container\">\n\t\t\t\t\t<div class=\"elementor-image-box-wrapper\"><figure class=\"elementor-image-box-img\"><img decoding=\"async\" src=\"https:\/\/easyfairsassets.com\/sites\/70\/elementor\/thumbs\/bart-somers-psq13zpvwzzhv8qbz9sg7o98csp8a9mtvgn5yr5628.png\" title=\"bart somers\" alt=\"bart somers\" class=\"elementor-animation-shrink\" loading=\"lazy\" \/><\/figure><div class=\"elementor-image-box-content\"><h3 class=\"elementor-image-box-title\">Inauguration officielle<\/h3><p class=\"elementor-image-box-description\">Par le Ministre Bart Somers<\/p><\/div><\/div>\t\t\t\t<\/div>\n\t\t\t\t<\/div>\n\t\t\t\t\t<\/div>\n\t\t<\/div>\n\t\t\t\t<div class=\"elementor-column elementor-col-33 elementor-top-column elementor-element elementor-element-f1ed8f5 elementor-hidden-desktop elementor-hidden-tablet elementor-hidden-mobile\" data-id=\"f1ed8f5\" data-element_type=\"column\">\n\t\t\t<div class=\"elementor-widget-wrap elementor-element-populated\">\n\t\t\t\t\t\t<div class=\"elementor-element elementor-element-747e3af elementor-position-top elementor-widget elementor-widget-image-box\" data-id=\"747e3af\" data-element_type=\"widget\" data-widget_type=\"image-box.default\">\n\t\t\t\t<div class=\"elementor-widget-container\">\n\t\t\t\t\t<div class=\"elementor-image-box-wrapper\"><figure class=\"elementor-image-box-img\"><a href=\"https:\/\/www.openspaces-expo.be\/fr\/conference-de-bonnes-specifications-pour-de-meilleures-offres\/\" tabindex=\"-1\"><img decoding=\"async\" src=\"https:\/\/easyfairsassets.com\/sites\/70\/elementor\/thumbs\/Spreker-Ewoud-Hacke-psre19qxxb1kjadjcle8b7yrojkzcxsdczcmnzof00.jpg\" title=\"Spreker Ewoud Hacke\" alt=\"Spreker Ewoud Hacke\" class=\"elementor-animation-shrink\" loading=\"lazy\" \/><\/a><\/figure><div class=\"elementor-image-box-content\"><h3 class=\"elementor-image-box-title\"><a href=\"https:\/\/www.openspaces-expo.be\/fr\/conference-de-bonnes-specifications-pour-de-meilleures-offres\/\">Un bon devis pour de meilleures offres<\/a><\/h3><p class=\"elementor-image-box-description\">Conf\u00e9rence par Ewoud Hacke<\/p><\/div><\/div>\t\t\t\t<\/div>\n\t\t\t\t<\/div>\n\t\t\t\t\t<\/div>\n\t\t<\/div>\n\t\t\t\t<div class=\"elementor-column elementor-col-33 elementor-top-column elementor-element elementor-element-b7748dc elementor-hidden-desktop elementor-hidden-tablet elementor-hidden-mobile\" data-id=\"b7748dc\" data-element_type=\"column\">\n\t\t\t<div class=\"elementor-widget-wrap elementor-element-populated\">\n\t\t\t\t\t\t<div class=\"elementor-element elementor-element-fc43d70 elementor-position-top elementor-widget elementor-widget-image-box\" data-id=\"fc43d70\" data-element_type=\"widget\" data-widget_type=\"image-box.default\">\n\t\t\t\t<div class=\"elementor-widget-container\">\n\t\t\t\t\t<div class=\"elementor-image-box-wrapper\"><figure class=\"elementor-image-box-img\"><a href=\"https:\/\/www.avbs.be\/activiteiten\/green-cities-seminarie-2022%20\" tabindex=\"-1\"><img decoding=\"async\" src=\"https:\/\/easyfairsassets.com\/sites\/70\/elementor\/thumbs\/Greencities-043-pugm09k7nvme528yzjg9xsjlna26igz70cepyb11io.jpg\" title=\"Greencities-043\" alt=\"Greencities-043\" class=\"elementor-animation-shrink\" loading=\"lazy\" \/><\/a><\/figure><div class=\"elementor-image-box-content\"><h3 class=\"elementor-image-box-title\"><a href=\"https:\/\/www.avbs.be\/activiteiten\/green-cities-seminarie-2022%20\">Un bon devis pour de meilleures offres<\/a><\/h3><p class=\"elementor-image-box-description\">S\u00e9minaire de VLAM &amp; AVBS<\/p><\/div><\/div>\t\t\t\t<\/div>\n\t\t\t\t<\/div>\n\t\t\t\t\t<\/div>\n\t\t<\/div>\n\t\t\t\t\t<\/div>\n\t\t<\/section>\n\t\t\t\t<section class=\"elementor-section elementor-top-section elementor-element elementor-element-f6e2bf2 elementor-section-boxed elementor-section-height-default elementor-section-height-default\" data-id=\"f6e2bf2\" data-element_type=\"section\">\n\t\t\t\t\t\t<div class=\"elementor-container elementor-column-gap-default\">\n\t\t\t\t\t<div class=\"elementor-column elementor-col-33 elementor-top-column elementor-element elementor-element-c2c332c elementor-hidden-desktop elementor-hidden-tablet elementor-hidden-mobile\" data-id=\"c2c332c\" data-element_type=\"column\">\n\t\t\t<div class=\"elementor-widget-wrap elementor-element-populated\">\n\t\t\t\t\t\t<div class=\"elementor-element elementor-element-853e176 elementor-position-top elementor-widget elementor-widget-image-box\" data-id=\"853e176\" data-element_type=\"widget\" data-widget_type=\"image-box.default\">\n\t\t\t\t<div class=\"elementor-widget-container\">\n\t\t\t\t\t<div class=\"elementor-image-box-wrapper\"><figure class=\"elementor-image-box-img\"><a href=\"https:\/\/www.openspaces-expo.be\/nl\/20-jaar-stadsvernieuwing\/\" tabindex=\"-1\"><img decoding=\"async\" src=\"https:\/\/easyfairsassets.com\/sites\/70\/elementor\/thumbs\/SVN_EXPO_34-29-ptsdf4hf51eej3l7o1cc3sfcrlfmy2zgrqcz9zltrk.jpg\" title=\"SVN_EXPO_34-29\" alt=\"SVN_EXPO_34-29\" class=\"elementor-animation-shrink\" loading=\"lazy\" \/><\/a><\/figure><div class=\"elementor-image-box-content\"><h3 class=\"elementor-image-box-title\"><a href=\"https:\/\/www.openspaces-expo.be\/nl\/20-jaar-stadsvernieuwing\/\">20 ans de r\u00e9novation urbaine<\/a><\/h3><p class=\"elementor-image-box-description\">Exposition de l\u2019Agentschap Stedenbeleid<\/p><\/div><\/div>\t\t\t\t<\/div>\n\t\t\t\t<\/div>\n\t\t\t\t\t<\/div>\n\t\t<\/div>\n\t\t\t\t<div class=\"elementor-column elementor-col-33 elementor-top-column elementor-element elementor-element-61c50a4 elementor-hidden-desktop elementor-hidden-tablet elementor-hidden-mobile\" data-id=\"61c50a4\" data-element_type=\"column\">\n\t\t\t<div class=\"elementor-widget-wrap elementor-element-populated\">\n\t\t\t\t\t\t<div class=\"elementor-element elementor-element-de48107 elementor-position-top elementor-widget elementor-widget-image-box\" data-id=\"de48107\" data-element_type=\"widget\" data-widget_type=\"image-box.default\">\n\t\t\t\t<div class=\"elementor-widget-container\">\n\t\t\t\t\t<div class=\"elementor-image-box-wrapper\"><figure class=\"elementor-image-box-img\"><a href=\"https:\/\/www.openspaces-expo.be\/nl\/tetra-slotevent-groendaken-gevels\/\" tabindex=\"-1\"><img decoding=\"async\" src=\"https:\/\/easyfairsassets.com\/sites\/70\/elementor\/thumbs\/OPENSPACES-inrichting-02-pextlyedxpokqh2vralrvp0vr7x4y5n8r3updn7xm8.jpg\" title=\"OPENSPACES-inrichting-02\" alt=\"beautiful garden walkway with lamps at night, Odaiba, Japan; Shutterstock ID 196163762; purchase_order: -; job: -; client: -; other: -\" class=\"elementor-animation-shrink\" loading=\"lazy\" \/><\/a><\/figure><div class=\"elementor-image-box-content\"><h3 class=\"elementor-image-box-title\"><a href=\"https:\/\/www.openspaces-expo.be\/nl\/tetra-slotevent-groendaken-gevels\/\">Ev\u00e9nement Tetra-Slot - Toitures et fa\u00e7ades v\u00e9g\u00e9talis\u00e9es<\/a><\/h3><p class=\"elementor-image-box-description\">Tous ensemble pour des enveloppes de b\u00e2timents vertes et de qualit\u00e9 \u00bb - en collaboration avec la Conf\u00e9d\u00e9ration Construction, WTCB, PXL Research, UA, BFG, UHasselt, Green Roofs &amp; Vlaio <\/p><\/div><\/div>\t\t\t\t<\/div>\n\t\t\t\t<\/div>\n\t\t\t\t\t<\/div>\n\t\t<\/div>\n\t\t\t\t<div class=\"elementor-column elementor-col-33 elementor-top-column elementor-element elementor-element-d83bc6c elementor-hidden-desktop elementor-hidden-tablet elementor-hidden-mobile\" data-id=\"d83bc6c\" data-element_type=\"column\">\n\t\t\t<div class=\"elementor-widget-wrap elementor-element-populated\">\n\t\t\t\t\t\t<div class=\"elementor-element elementor-element-b7dc764 elementor-position-top elementor-widget elementor-widget-image-box\" data-id=\"b7dc764\" data-element_type=\"widget\" data-widget_type=\"image-box.default\">\n\t\t\t\t<div class=\"elementor-widget-container\">\n\t\t\t\t\t<div class=\"elementor-image-box-wrapper\"><figure class=\"elementor-image-box-img\"><img decoding=\"async\" src=\"https:\/\/easyfairsassets.com\/sites\/70\/elementor\/thumbs\/vlario-psth1b59iz6yfcf30p8fmvj4zvfnx6r6kxlnzsaxo0.jpg\" title=\"vlario\" alt=\"vlario\" class=\"elementor-animation-shrink\" loading=\"lazy\" \/><\/figure><div class=\"elementor-image-box-content\"><h3 class=\"elementor-image-box-title\">Apr\u00e8s-midi d\u2019\u00e9tude VLARIO <\/h3><p class=\"elementor-image-box-description\">Une Flandre bleu-vert : comme g\u00e9rer l\u2019eau de mani\u00e8re cr\u00e9ative et offrir une plus-value pour le climat et le citoyen. <\/p><\/div><\/div>\t\t\t\t<\/div>\n\t\t\t\t<\/div>\n\t\t\t\t\t<\/div>\n\t\t<\/div>\n\t\t\t\t\t<\/div>\n\t\t<\/section>\n\t\t\t\t<section class=\"elementor-section elementor-top-section elementor-element elementor-element-939195e elementor-reverse-tablet elementor-reverse-mobile elementor-section-boxed elementor-section-height-default elementor-section-height-default\" data-id=\"939195e\" data-element_type=\"section\">\n\t\t\t\t\t\t<div class=\"elementor-container elementor-column-gap-default\">\n\t\t\t\t\t<div class=\"elementor-column elementor-col-50 elementor-top-column elementor-element elementor-element-4de75d5\" data-id=\"4de75d5\" data-element_type=\"column\" data-settings=\"{&quot;background_background&quot;:&quot;classic&quot;}\">\n\t\t\t<div class=\"elementor-widget-wrap elementor-element-populated\">\n\t\t\t\t\t\t<div class=\"elementor-element elementor-element-d801801 elementor-widget elementor-widget-heading\" data-id=\"d801801\" data-element_type=\"widget\" data-widget_type=\"heading.default\">\n\t\t\t\t<div class=\"elementor-widget-container\">\n\t\t\t\t\t<h2 class=\"elementor-heading-title elementor-size-default\">Attendez-vous \u00e0 un programme riche et diversifi\u00e9 pendant les Open Spaces.<\/h2>\t\t\t\t<\/div>\n\t\t\t\t<\/div>\n\t\t\t\t<div class=\"elementor-element elementor-element-dbb4eae elementor-widget elementor-widget-text-editor\" data-id=\"dbb4eae\" data-element_type=\"widget\" data-widget_type=\"text-editor.default\">\n\t\t\t\t<div class=\"elementor-widget-container\">\n\t\t\t\t\t\t\t\t\t<p>Plus de d\u00e9tails bient\u00f4t.<\/p>\n\t\t\t\t\t\t\t\t<\/div>\n\t\t\t\t<\/div>\n\t\t\t\t\t<\/div>\n\t\t<\/div>\n\t\t\t\t<div class=\"elementor-column elementor-col-50 elementor-top-column elementor-element elementor-element-5841b05\" data-id=\"5841b05\" data-element_type=\"column\">\n\t\t\t<div class=\"elementor-widget-wrap elementor-element-populated\">\n\t\t\t\t\t\t\t<\/div>\n\t\t<\/div>\n\t\t\t\t\t<\/div>\n\t\t<\/section>\n\t\t\t\t<section class=\"elementor-section elementor-top-section elementor-element elementor-element-524a026 elementor-section-boxed elementor-section-height-default elementor-section-height-default\" data-id=\"524a026\" data-element_type=\"section\">\n\t\t\t\t\t\t<div class=\"elementor-container elementor-column-gap-default\">\n\t\t\t\t\t<div class=\"elementor-column elementor-col-50 elementor-top-column elementor-element elementor-element-7875f84\" data-id=\"7875f84\" data-element_type=\"column\">\n\t\t\t<div class=\"elementor-widget-wrap elementor-element-populated\">\n\t\t\t\t\t\t<div class=\"elementor-element elementor-element-7fdc9d2 elementor-widget elementor-widget-image\" data-id=\"7fdc9d2\" data-element_type=\"widget\" data-widget_type=\"image.default\">\n\t\t\t\t<div class=\"elementor-widget-container\">\n\t\t\t\t\t\t\t\t\t\t\t\t\t\t\t<img fetchpriority=\"high\" decoding=\"async\" width=\"800\" height=\"534\" src=\"https:\/\/easyfairsassets.com\/sites\/70\/2023\/08\/LOWRES-IC9C8170-1024x683.jpg\" class=\"attachment-large size-large wp-image-6682\" alt=\"\" srcset=\"https:\/\/easyfairsassets.com\/sites\/70\/2023\/08\/LOWRES-IC9C8170-1024x683.jpg 1024w, https:\/\/easyfairsassets.com\/sites\/70\/2023\/08\/LOWRES-IC9C8170-300x200.jpg 300w, https:\/\/easyfairsassets.com\/sites\/70\/2023\/08\/LOWRES-IC9C8170-768x512.jpg 768w, https:\/\/easyfairsassets.com\/sites\/70\/2023\/08\/LOWRES-IC9C8170.jpg 1200w\" sizes=\"(max-width: 800px) 100vw, 800px\" \/>\t\t\t\t\t\t\t\t\t\t\t\t\t\t\t<\/div>\n\t\t\t\t<\/div>\n\t\t\t\t<div class=\"elementor-element elementor-element-770e78a elementor-widget elementor-widget-image\" data-id=\"770e78a\" data-element_type=\"widget\" data-widget_type=\"image.default\">\n\t\t\t\t<div class=\"elementor-widget-container\">\n\t\t\t\t\t\t\t\t\t\t\t\t\t\t\t<img decoding=\"async\" width=\"683\" height=\"1024\" src=\"https:\/\/easyfairsassets.com\/sites\/70\/2023\/08\/LOWRES-IC9C8168-683x1024.jpg\" class=\"attachment-large size-large wp-image-6679\" alt=\"\" srcset=\"https:\/\/easyfairsassets.com\/sites\/70\/2023\/08\/LOWRES-IC9C8168-683x1024.jpg 683w, https:\/\/easyfairsassets.com\/sites\/70\/2023\/08\/LOWRES-IC9C8168-200x300.jpg 200w, https:\/\/easyfairsassets.com\/sites\/70\/2023\/08\/LOWRES-IC9C8168-768x1152.jpg 768w, https:\/\/easyfairsassets.com\/sites\/70\/2023\/08\/LOWRES-IC9C8168.jpg 800w\" sizes=\"(max-width: 683px) 100vw, 683px\" \/>\t\t\t\t\t\t\t\t\t\t\t\t\t\t\t<\/div>\n\t\t\t\t<\/div>\n\t\t\t\t\t<\/div>\n\t\t<\/div>\n\t\t\t\t<div class=\"elementor-column elementor-col-50 elementor-top-column elementor-element elementor-element-bcec97a\" data-id=\"bcec97a\" data-element_type=\"column\">\n\t\t\t<div class=\"elementor-widget-wrap elementor-element-populated\">\n\t\t\t\t\t\t<div class=\"elementor-element elementor-element-9cd48fc elementor-widget elementor-widget-image\" data-id=\"9cd48fc\" data-element_type=\"widget\" data-widget_type=\"image.default\">\n\t\t\t\t<div class=\"elementor-widget-container\">\n\t\t\t\t\t\t\t\t\t\t\t\t\t\t\t<img decoding=\"async\" width=\"683\" height=\"1024\" src=\"https:\/\/easyfairsassets.com\/sites\/70\/2023\/08\/LOWRES-IC9C8153-683x1024.jpg\" class=\"attachment-large size-large wp-image-6673\" alt=\"\" srcset=\"https:\/\/easyfairsassets.com\/sites\/70\/2023\/08\/LOWRES-IC9C8153-683x1024.jpg 683w, https:\/\/easyfairsassets.com\/sites\/70\/2023\/08\/LOWRES-IC9C8153-200x300.jpg 200w, https:\/\/easyfairsassets.com\/sites\/70\/2023\/08\/LOWRES-IC9C8153-768x1152.jpg 768w, https:\/\/easyfairsassets.com\/sites\/70\/2023\/08\/LOWRES-IC9C8153.jpg 800w\" sizes=\"(max-width: 683px) 100vw, 683px\" \/>\t\t\t\t\t\t\t\t\t\t\t\t\t\t\t<\/div>\n\t\t\t\t<\/div>\n\t\t\t\t<div class=\"elementor-element elementor-element-e409797 elementor-widget elementor-widget-image\" data-id=\"e409797\" data-element_type=\"widget\" data-widget_type=\"image.default\">\n\t\t\t\t<div class=\"elementor-widget-container\">\n\t\t\t\t\t\t\t\t\t\t\t\t\t\t\t<img loading=\"lazy\" decoding=\"async\" width=\"800\" height=\"534\" src=\"https:\/\/easyfairsassets.com\/sites\/70\/2023\/08\/LOWRES-IC9C8155-1024x683.jpg\" class=\"attachment-large size-large wp-image-6676\" alt=\"\" srcset=\"https:\/\/easyfairsassets.com\/sites\/70\/2023\/08\/LOWRES-IC9C8155-1024x683.jpg 1024w, https:\/\/easyfairsassets.com\/sites\/70\/2023\/08\/LOWRES-IC9C8155-300x200.jpg 300w, https:\/\/easyfairsassets.com\/sites\/70\/2023\/08\/LOWRES-IC9C8155-768x512.jpg 768w, https:\/\/easyfairsassets.com\/sites\/70\/2023\/08\/LOWRES-IC9C8155.jpg 1200w\" sizes=\"(max-width: 800px) 100vw, 800px\" \/>\t\t\t\t\t\t\t\t\t\t\t\t\t\t\t<\/div>\n\t\t\t\t<\/div>\n\t\t\t\t\t<\/div>\n\t\t<\/div>\n\t\t\t\t\t<\/div>\n\t\t<\/section>\n\t\t\t\t<section class=\"elementor-section elementor-top-section elementor-element elementor-element-4a2a845 elementor-section-boxed elementor-section-height-default elementor-section-height-default\" data-id=\"4a2a845\" data-element_type=\"section\" data-settings=\"{&quot;background_background&quot;:&quot;classic&quot;}\">\n\t\t\t\t\t\t<div class=\"elementor-container elementor-column-gap-default\">\n\t\t\t\t\t<div class=\"elementor-column elementor-col-100 elementor-top-column elementor-element elementor-element-4b660d1\" data-id=\"4b660d1\" data-element_type=\"column\">\n\t\t\t<div class=\"elementor-widget-wrap elementor-element-populated\">\n\t\t\t\t\t\t<div class=\"elementor-element elementor-element-d4ee01a elementor-widget elementor-widget-text-editor\" data-id=\"d4ee01a\" data-element_type=\"widget\" data-widget_type=\"text-editor.default\">\n\t\t\t\t<div class=\"elementor-widget-container\">\n\t\t\t\t\t\t\t\t\t<p><strong>Open Spaces, the place to be pour les espaces publics (ouverts)<\/strong><\/p>\n\t\t\t\t\t\t\t\t<\/div>\n\t\t\t\t<\/div>\n\t\t\t\t<div class=\"elementor-element elementor-element-29ea916 elementor-align-center elementor-widget elementor-widget-button\" data-id=\"29ea916\" data-element_type=\"widget\" data-widget_type=\"button.default\">\n\t\t\t\t<div class=\"elementor-widget-container\">\n\t\t\t\t\t\t\t\t\t<div class=\"elementor-button-wrapper\">\n\t\t\t\t\t<a class=\"elementor-button elementor-button-link elementor-size-sm\" href=\"https:\/\/www.openspaces-expo.be\/fr\/contact\/\">\n\t\t\t\t\t\t<span class=\"elementor-button-content-wrapper\">\n\t\t\t\t\t\t<span class=\"elementor-button-icon\">\n\t\t\t\t<i aria-hidden=\"true\" class=\"fas fa-long-arrow-alt-right\"><\/i>\t\t\t<\/span>\n\t\t\t\t\t\t\t\t\t<span class=\"elementor-button-text\">Enregistrez-vous pour une visite<\/span>\n\t\t\t\t\t<\/span>\n\t\t\t\t\t<\/a>\n\t\t\t\t<\/div>\n\t\t\t\t\t\t\t\t<\/div>\n\t\t\t\t<\/div>\n\t\t\t\t\t<\/div>\n\t\t<\/div>\n\t\t\t\t\t<\/div>\n\t\t<\/section>\n\t\t\t\t<\/div>\n\t\t","protected":false},"excerpt":{"rendered":"<p>Programme &nbsp; titel titel lorum ipsumlorum ipsum lorum ipsum. lorum ipsumlorum ipsumlorum ipsum. Profil des visiteurs Profil des exposants Contact Inauguration officielle Par le Ministre Bart Somers Un bon devis pour de meilleures offres Conf\u00e9rence par Ewoud Hacke Un bon devis pour de meilleures offres S\u00e9minaire de VLAM &amp; AVBS 20 ans de r\u00e9novation urbaine [&hellip;]<\/p>\n","protected":false},"author":1,"featured_media":0,"parent":0,"menu_order":0,"comment_status":"closed","ping_status":"closed","template":"","meta":{"_seopress_robots_primary_cat":"","_seopress_titles_title":"Programme d\u2019Open Spaces \u2013 Salon de l\u2019am\u00e9nagement des espaces publics (ouverts)","_seopress_titles_desc":"Open Spaces offre un monde d\u2019opportunit\u00e9s pour la conception et l\u2019am\u00e9nagement d\u2019espaces ouverts. Un programme pertinent vous attend.","_seopress_robots_index":"","footnotes":""},"class_list":["post-3256","page","type-page","status-publish","hentry"],"_links":{"self":[{"href":"https:\/\/www.openspaces-expo.be\/fr\/wp-json\/wp\/v2\/pages\/3256","targetHints":{"allow":["GET"]}}],"collection":[{"href":"https:\/\/www.openspaces-expo.be\/fr\/wp-json\/wp\/v2\/pages"}],"about":[{"href":"https:\/\/www.openspaces-expo.be\/fr\/wp-json\/wp\/v2\/types\/page"}],"author":[{"embeddable":true,"href":"https:\/\/www.openspaces-expo.be\/fr\/wp-json\/wp\/v2\/users\/1"}],"replies":[{"embeddable":true,"href":"https:\/\/www.openspaces-expo.be\/fr\/wp-json\/wp\/v2\/comments?post=3256"}],"version-history":[{"count":2,"href":"https:\/\/www.openspaces-expo.be\/fr\/wp-json\/wp\/v2\/pages\/3256\/revisions"}],"predecessor-version":[{"id":8732,"href":"https:\/\/www.openspaces-expo.be\/fr\/wp-json\/wp\/v2\/pages\/3256\/revisions\/8732"}],"wp:attachment":[{"href":"https:\/\/www.openspaces-expo.be\/fr\/wp-json\/wp\/v2\/media?parent=3256"}],"curies":[{"name":"wp","href":"https:\/\/api.w.org\/{rel}","templated":true}]}}