{"id":2043,"date":"2022-07-05T13:26:41","date_gmt":"2022-07-05T13:26:41","guid":{"rendered":"https:\/\/www.openspaces-expo.be\/pourquoi-participer\/"},"modified":"2023-11-08T11:03:50","modified_gmt":"2023-11-08T11:03:50","slug":"pourquoi-participer","status":"publish","type":"page","link":"https:\/\/www.openspaces-expo.be\/fr\/pourquoi-participer\/","title":{"rendered":"Pourquoi participer?"},"content":{"rendered":"\t\t<div data-elementor-type=\"wp-page\" data-elementor-id=\"2043\" class=\"elementor elementor-2043 elementor-259\" data-elementor-post-type=\"page\">\n\t\t\t\t\t\t<section class=\"elementor-section elementor-top-section elementor-element elementor-element-d7bafb7 elementor-section-height-min-height elementor-section-boxed elementor-section-height-default elementor-section-items-middle\" data-id=\"d7bafb7\" data-element_type=\"section\" data-settings=\"{&quot;background_background&quot;:&quot;classic&quot;}\">\n\t\t\t\t\t\t<div class=\"elementor-container elementor-column-gap-default\">\n\t\t\t\t\t<div class=\"elementor-column elementor-col-50 elementor-top-column elementor-element elementor-element-a7cec2b\" data-id=\"a7cec2b\" data-element_type=\"column\">\n\t\t\t<div class=\"elementor-widget-wrap elementor-element-populated\">\n\t\t\t\t\t\t<div class=\"elementor-element elementor-element-0a771e5 elementor-widget elementor-widget-text-editor\" data-id=\"0a771e5\" data-element_type=\"widget\" data-widget_type=\"text-editor.default\">\n\t\t\t\t<div class=\"elementor-widget-container\">\n\t\t\t\t\t\t\t\t\t<h2>Pourquoi participer?<\/h2>\n\t\t\t\t\t\t\t\t<\/div>\n\t\t\t\t<\/div>\n\t\t\t\t<div class=\"elementor-element elementor-element-ca26a2a elementor-widget elementor-widget-text-editor\" data-id=\"ca26a2a\" data-element_type=\"widget\" data-widget_type=\"text-editor.default\">\n\t\t\t\t<div class=\"elementor-widget-container\">\n\t\t\t\t\t\t\t\t\t<h2>Pourquoi participer?<\/h2>\n<p>Open Spaces, c\u2019est un concept fort pour des entrepreneurs ambitieux comme vous. Vous ne trouverez nulle part ailleurs autant de clients potentiels, de professionnels et d\u2019expertise sur les espaces publics, sportifs et r\u00e9cr\u00e9atifs sous 1 toit. Et l\u2019organisateur \u2013 votre \u00e9pine dorsale \u2013 a pour mission de vous guider optimalement. \u00a0De la r\u00e9servation du stand le plus int\u00e9ressant \u00e0 la promotion de votre participation au salon\u00a0: nous sommes l\u00e0 pour vous simplifier la vie.<\/p>\n\t\t\t\t\t\t\t\t<\/div>\n\t\t\t\t<\/div>\n\t\t\t\t\t<\/div>\n\t\t<\/div>\n\t\t\t\t<div class=\"elementor-column elementor-col-50 elementor-top-column elementor-element elementor-element-aa85562\" data-id=\"aa85562\" data-element_type=\"column\">\n\t\t\t<div class=\"elementor-widget-wrap elementor-element-populated\">\n\t\t\t\t\t\t<div class=\"elementor-element elementor-element-329acf9 elementor-align-center elementor-invisible elementor-widget elementor-widget-button\" data-id=\"329acf9\" data-element_type=\"widget\" data-settings=\"{&quot;_animation&quot;:&quot;slideInRight&quot;}\" data-widget_type=\"button.default\">\n\t\t\t\t<div class=\"elementor-widget-container\">\n\t\t\t\t\t\t\t\t\t<div class=\"elementor-button-wrapper\">\n\t\t\t\t\t<a class=\"elementor-button elementor-button-link elementor-size-sm\" href=\"https:\/\/www.openspaces-expo.be\/fr\/profil-des-visiteurs\/\">\n\t\t\t\t\t\t<span class=\"elementor-button-content-wrapper\">\n\t\t\t\t\t\t\t\t\t<span class=\"elementor-button-text\">Profil des visiteurs<\/span>\n\t\t\t\t\t<\/span>\n\t\t\t\t\t<\/a>\n\t\t\t\t<\/div>\n\t\t\t\t\t\t\t\t<\/div>\n\t\t\t\t<\/div>\n\t\t\t\t<div class=\"elementor-element elementor-element-9a1a7e3 elementor-align-right elementor-invisible elementor-widget elementor-widget-button\" data-id=\"9a1a7e3\" data-element_type=\"widget\" data-settings=\"{&quot;_animation&quot;:&quot;fadeInLeft&quot;}\" data-widget_type=\"button.default\">\n\t\t\t\t<div class=\"elementor-widget-container\">\n\t\t\t\t\t\t\t\t\t<div class=\"elementor-button-wrapper\">\n\t\t\t\t\t<a class=\"elementor-button elementor-button-link elementor-size-sm\" href=\"https:\/\/www.openspaces-expo.be\/fr\/profil-des-exposants\/\">\n\t\t\t\t\t\t<span class=\"elementor-button-content-wrapper\">\n\t\t\t\t\t\t\t\t\t<span class=\"elementor-button-text\">Profil des exposants<\/span>\n\t\t\t\t\t<\/span>\n\t\t\t\t\t<\/a>\n\t\t\t\t<\/div>\n\t\t\t\t\t\t\t\t<\/div>\n\t\t\t\t<\/div>\n\t\t\t\t<div class=\"elementor-element elementor-element-bb3003f elementor-align-center elementor-invisible elementor-widget elementor-widget-button\" data-id=\"bb3003f\" data-element_type=\"widget\" data-settings=\"{&quot;_animation&quot;:&quot;fadeInRight&quot;}\" data-widget_type=\"button.default\">\n\t\t\t\t<div class=\"elementor-widget-container\">\n\t\t\t\t\t\t\t\t\t<div class=\"elementor-button-wrapper\">\n\t\t\t\t\t<a class=\"elementor-button elementor-button-link elementor-size-sm\" href=\"https:\/\/www.openspaces-expo.be\/fr\/formules-de-stand\/\">\n\t\t\t\t\t\t<span class=\"elementor-button-content-wrapper\">\n\t\t\t\t\t\t\t\t\t<span class=\"elementor-button-text\">Formules de stand<\/span>\n\t\t\t\t\t<\/span>\n\t\t\t\t\t<\/a>\n\t\t\t\t<\/div>\n\t\t\t\t\t\t\t\t<\/div>\n\t\t\t\t<\/div>\n\t\t\t\t\t<\/div>\n\t\t<\/div>\n\t\t\t\t\t<\/div>\n\t\t<\/section>\n\t\t\t\t<section class=\"elementor-section elementor-top-section elementor-element elementor-element-c33ecaf elementor-section-boxed elementor-section-height-default elementor-section-height-default\" data-id=\"c33ecaf\" data-element_type=\"section\">\n\t\t\t\t\t\t<div class=\"elementor-container elementor-column-gap-default\">\n\t\t\t\t\t<div class=\"elementor-column elementor-col-50 elementor-top-column elementor-element elementor-element-d031bbd\" data-id=\"d031bbd\" data-element_type=\"column\">\n\t\t\t<div class=\"elementor-widget-wrap elementor-element-populated\">\n\t\t\t\t\t\t<div class=\"elementor-element elementor-element-71e1e8e elementor-invisible elementor-widget elementor-widget-image\" data-id=\"71e1e8e\" data-element_type=\"widget\" data-settings=\"{&quot;_animation&quot;:&quot;fadeInLeft&quot;}\" data-widget_type=\"image.default\">\n\t\t\t\t<div class=\"elementor-widget-container\">\n\t\t\t\t\t\t\t\t\t\t\t\t\t\t\t<img fetchpriority=\"high\" decoding=\"async\" width=\"800\" height=\"534\" src=\"https:\/\/easyfairsassets.com\/sites\/70\/2023\/08\/LOWRES-IC9C8231-1024x683.jpg\" class=\"attachment-large size-large wp-image-6652\" alt=\"\" srcset=\"https:\/\/easyfairsassets.com\/sites\/70\/2023\/08\/LOWRES-IC9C8231-1024x683.jpg 1024w, https:\/\/easyfairsassets.com\/sites\/70\/2023\/08\/LOWRES-IC9C8231-300x200.jpg 300w, https:\/\/easyfairsassets.com\/sites\/70\/2023\/08\/LOWRES-IC9C8231-768x512.jpg 768w, https:\/\/easyfairsassets.com\/sites\/70\/2023\/08\/LOWRES-IC9C8231.jpg 1200w\" sizes=\"(max-width: 800px) 100vw, 800px\" \/>\t\t\t\t\t\t\t\t\t\t\t\t\t\t\t<\/div>\n\t\t\t\t<\/div>\n\t\t\t\t\t<\/div>\n\t\t<\/div>\n\t\t\t\t<div class=\"elementor-column elementor-col-50 elementor-top-column elementor-element elementor-element-cee6ad1\" data-id=\"cee6ad1\" data-element_type=\"column\">\n\t\t\t<div class=\"elementor-widget-wrap elementor-element-populated\">\n\t\t\t\t\t\t<div class=\"elementor-element elementor-element-c9d8ee9 elementor-invisible elementor-widget elementor-widget-text-editor\" data-id=\"c9d8ee9\" data-element_type=\"widget\" data-settings=\"{&quot;_animation&quot;:&quot;fadeInRight&quot;}\" data-widget_type=\"text-editor.default\">\n\t\t\t\t<div class=\"elementor-widget-container\">\n\t\t\t\t\t\t\t\t\t<h2>L\u2019avenir commence ici<\/h2>\n<ul>\n<li>Rencontrez vos clients et de nouveaux prospects<\/li>\n<li>Montrez vos produits et votre expertise \u00e0 votre public cible<\/li>\n<li>Saisissez cette chance d\u2019\u00e9tendre votre port\u00e9e et de vous d\u00e9velopper dans un environnement durable<\/li>\n<li>Rejoignez la communaut\u00e9 dynamique d\u2019une fili\u00e8re en plein essor<\/li>\n<\/ul>\n\t\t\t\t\t\t\t\t<\/div>\n\t\t\t\t<\/div>\n\t\t\t\t<div class=\"elementor-element elementor-element-a4b77cd elementor-align-center elementor-widget elementor-widget-button\" data-id=\"a4b77cd\" data-element_type=\"widget\" data-widget_type=\"button.default\">\n\t\t\t\t<div class=\"elementor-widget-container\">\n\t\t\t\t\t\t\t\t\t<div class=\"elementor-button-wrapper\">\n\t\t\t\t\t<a class=\"elementor-button elementor-button-link elementor-size-sm\" href=\"https:\/\/www.openspaces-expo.be\/fr\/profil-des-visiteurs\/\">\n\t\t\t\t\t\t<span class=\"elementor-button-content-wrapper\">\n\t\t\t\t\t\t<span class=\"elementor-button-icon\">\n\t\t\t\t<i aria-hidden=\"true\" class=\"fas fa-long-arrow-alt-right\"><\/i>\t\t\t<\/span>\n\t\t\t\t\t\t\t\t\t<span class=\"elementor-button-text\">Profil des visiteurs<\/span>\n\t\t\t\t\t<\/span>\n\t\t\t\t\t<\/a>\n\t\t\t\t<\/div>\n\t\t\t\t\t\t\t\t<\/div>\n\t\t\t\t<\/div>\n\t\t\t\t\t<\/div>\n\t\t<\/div>\n\t\t\t\t\t<\/div>\n\t\t<\/section>\n\t\t\t\t<section class=\"elementor-section elementor-top-section elementor-element elementor-element-939195e elementor-reverse-tablet elementor-reverse-mobile elementor-section-boxed elementor-section-height-default elementor-section-height-default\" data-id=\"939195e\" data-element_type=\"section\">\n\t\t\t\t\t\t<div class=\"elementor-container elementor-column-gap-default\">\n\t\t\t\t\t<div class=\"elementor-column elementor-col-50 elementor-top-column elementor-element elementor-element-4de75d5\" data-id=\"4de75d5\" data-element_type=\"column\">\n\t\t\t<div class=\"elementor-widget-wrap elementor-element-populated\">\n\t\t\t\t\t\t<div class=\"elementor-element elementor-element-afe7b88 elementor-invisible elementor-widget elementor-widget-text-editor\" data-id=\"afe7b88\" data-element_type=\"widget\" data-settings=\"{&quot;_animation&quot;:&quot;fadeInLeft&quot;}\" data-widget_type=\"text-editor.default\">\n\t\t\t\t<div class=\"elementor-widget-container\">\n\t\t\t\t\t\t\t\t\t<h2>Rejoignez-nous<\/h2>\n<p>Open Spaces propose une plateforme pour le secteur de l\u2019espace public en pleine croissance. R\u00e9seautage, rencontre, d\u00e9couverte\u2026 tous les ingr\u00e9dients sont r\u00e9unis. Les fabricants, les fournisseurs et les prestataires de services pour la politique, le d\u00e9veloppement et l\u2019am\u00e9nagement d\u2019espaces publics et r\u00e9cr\u00e9atifs vous attendent. Venez faire la diff\u00e9rence!<\/p>\n\t\t\t\t\t\t\t\t<\/div>\n\t\t\t\t<\/div>\n\t\t\t\t\t<\/div>\n\t\t<\/div>\n\t\t\t\t<div class=\"elementor-column elementor-col-50 elementor-top-column elementor-element elementor-element-5841b05\" data-id=\"5841b05\" data-element_type=\"column\">\n\t\t\t<div class=\"elementor-widget-wrap elementor-element-populated\">\n\t\t\t\t\t\t<div class=\"elementor-element elementor-element-e958147 elementor-invisible elementor-widget elementor-widget-image\" data-id=\"e958147\" data-element_type=\"widget\" data-settings=\"{&quot;_animation&quot;:&quot;fadeInRight&quot;}\" data-widget_type=\"image.default\">\n\t\t\t\t<div class=\"elementor-widget-container\">\n\t\t\t\t\t\t\t\t\t\t\t\t\t\t\t<img decoding=\"async\" width=\"800\" height=\"534\" src=\"https:\/\/easyfairsassets.com\/sites\/70\/2023\/08\/LOWRES-IC9C8716-1024x683.jpg\" class=\"attachment-large size-large wp-image-6639\" alt=\"\" srcset=\"https:\/\/easyfairsassets.com\/sites\/70\/2023\/08\/LOWRES-IC9C8716-1024x683.jpg 1024w, https:\/\/easyfairsassets.com\/sites\/70\/2023\/08\/LOWRES-IC9C8716-300x200.jpg 300w, https:\/\/easyfairsassets.com\/sites\/70\/2023\/08\/LOWRES-IC9C8716-768x512.jpg 768w, https:\/\/easyfairsassets.com\/sites\/70\/2023\/08\/LOWRES-IC9C8716.jpg 1200w\" sizes=\"(max-width: 800px) 100vw, 800px\" \/>\t\t\t\t\t\t\t\t\t\t\t\t\t\t\t<\/div>\n\t\t\t\t<\/div>\n\t\t\t\t\t<\/div>\n\t\t<\/div>\n\t\t\t\t\t<\/div>\n\t\t<\/section>\n\t\t\t\t<section class=\"elementor-section elementor-top-section elementor-element elementor-element-44453e5 elementor-section-boxed elementor-section-height-default elementor-section-height-default\" data-id=\"44453e5\" data-element_type=\"section\" data-settings=\"{&quot;background_background&quot;:&quot;classic&quot;}\">\n\t\t\t\t\t\t<div class=\"elementor-container elementor-column-gap-default\">\n\t\t\t\t\t<div class=\"elementor-column elementor-col-100 elementor-top-column elementor-element elementor-element-5e5ebc4\" data-id=\"5e5ebc4\" data-element_type=\"column\">\n\t\t\t<div class=\"elementor-widget-wrap elementor-element-populated\">\n\t\t\t\t\t\t<div class=\"elementor-element elementor-element-c5c907b elementor-widget elementor-widget-text-editor\" data-id=\"c5c907b\" data-element_type=\"widget\" data-widget_type=\"text-editor.default\">\n\t\t\t\t<div class=\"elementor-widget-container\">\n\t\t\t\t\t\t\t\t\t<p><strong>Open Spaces, the place to be pour les espaces publics (ouverts)<\/strong><\/p>\n\t\t\t\t\t\t\t\t<\/div>\n\t\t\t\t<\/div>\n\t\t\t\t<div class=\"elementor-element elementor-element-437ff7b elementor-align-center elementor-widget elementor-widget-button\" data-id=\"437ff7b\" data-element_type=\"widget\" data-widget_type=\"button.default\">\n\t\t\t\t<div class=\"elementor-widget-container\">\n\t\t\t\t\t\t\t\t\t<div class=\"elementor-button-wrapper\">\n\t\t\t\t\t<a class=\"elementor-button elementor-button-link elementor-size-sm\" href=\"https:\/\/www.openspaces-expo.be\/fr\/contact\/\">\n\t\t\t\t\t\t<span class=\"elementor-button-content-wrapper\">\n\t\t\t\t\t\t<span class=\"elementor-button-icon\">\n\t\t\t\t<i aria-hidden=\"true\" class=\"fas fa-long-arrow-alt-right\"><\/i>\t\t\t<\/span>\n\t\t\t\t\t\t\t\t\t<span class=\"elementor-button-text\">R\u00e9servez votre stand<\/span>\n\t\t\t\t\t<\/span>\n\t\t\t\t\t<\/a>\n\t\t\t\t<\/div>\n\t\t\t\t\t\t\t\t<\/div>\n\t\t\t\t<\/div>\n\t\t\t\t\t<\/div>\n\t\t<\/div>\n\t\t\t\t\t<\/div>\n\t\t<\/section>\n\t\t\t\t<\/div>\n\t\t","protected":false},"excerpt":{"rendered":"<p>Pourquoi participer? Pourquoi participer? Open Spaces, c\u2019est un concept fort pour des entrepreneurs ambitieux comme vous. Vous ne trouverez nulle part ailleurs autant de clients potentiels, de professionnels et d\u2019expertise sur les espaces publics, sportifs et r\u00e9cr\u00e9atifs sous 1 toit. Et l\u2019organisateur \u2013 votre \u00e9pine dorsale \u2013 a pour mission de vous guider optimalement. \u00a0De [&hellip;]<\/p>\n","protected":false},"author":1,"featured_media":0,"parent":0,"menu_order":0,"comment_status":"closed","ping_status":"closed","template":"","meta":{"_seopress_robots_primary_cat":"","_seopress_titles_title":"Devenir exposant | Salon de l\u2019am\u00e9nagement des espaces publics (ouverts)","_seopress_titles_desc":"Pourquoi participer \u00e0 Open Spaces en tant qu\u2019exposant? | Rencontrez vos clients et des nouveaux prospects | Montrez vos produits et votre expertise | Saisissez cette chance d\u2019\u00e9tendre votre port\u00e9e.","_seopress_robots_index":"","footnotes":""},"class_list":["post-2043","page","type-page","status-publish","hentry"],"_links":{"self":[{"href":"https:\/\/www.openspaces-expo.be\/fr\/wp-json\/wp\/v2\/pages\/2043","targetHints":{"allow":["GET"]}}],"collection":[{"href":"https:\/\/www.openspaces-expo.be\/fr\/wp-json\/wp\/v2\/pages"}],"about":[{"href":"https:\/\/www.openspaces-expo.be\/fr\/wp-json\/wp\/v2\/types\/page"}],"author":[{"embeddable":true,"href":"https:\/\/www.openspaces-expo.be\/fr\/wp-json\/wp\/v2\/users\/1"}],"replies":[{"embeddable":true,"href":"https:\/\/www.openspaces-expo.be\/fr\/wp-json\/wp\/v2\/comments?post=2043"}],"version-history":[{"count":5,"href":"https:\/\/www.openspaces-expo.be\/fr\/wp-json\/wp\/v2\/pages\/2043\/revisions"}],"predecessor-version":[{"id":8752,"href":"https:\/\/www.openspaces-expo.be\/fr\/wp-json\/wp\/v2\/pages\/2043\/revisions\/8752"}],"wp:attachment":[{"href":"https:\/\/www.openspaces-expo.be\/fr\/wp-json\/wp\/v2\/media?parent=2043"}],"curies":[{"name":"wp","href":"https:\/\/api.w.org\/{rel}","templated":true}]}}